{"id":710,"date":"2017-12-30T17:39:16","date_gmt":"2017-12-31T01:39:16","guid":{"rendered":"http:\/\/uneanneesansalcool.com\/?page_id=710"},"modified":"2018-07-08T16:17:56","modified_gmt":"2018-07-08T23:17:56","slug":"la-table-des-matieres","status":"publish","type":"page","link":"https:\/\/uneanneesansalcool.com\/?page_id=710","title":{"rendered":"La table des mati\u00e8res"},"content":{"rendered":"<h2>Les billets du <em>Journal de Catherine<\/em><\/h2>\n<p><em><strong>Une ann\u00e9e sans alcool. Le journal de Catherine<\/strong> <\/em>est un webcomic sous forme de blogue publi\u00e9 tout au long de l&#8217;ann\u00e9e 2014. En 2015, le blogue est paru sous forme de roman graphique avec le titre <em><strong>La sobri\u00e9t\u00e9 volontaire. Une ann\u00e9e sans alcool.<\/strong><\/em> Un album de pr\u00e8s de 200 pages, tout en couleurs !\u00a0\u00a0 L\u2019album comprend l\u2019ensemble des billets publi\u00e9s en 2014 ainsi que\u00a0 plusieurs \u00e9pisodes jamais parus en ligne. Une deuxi\u00e8me \u00e9dition du roman a \u00e9t\u00e9 lanc\u00e9e en mai 2018 au<a href=\"http:\/\/www.fbdm-montreal.ca\/repertoire-bedeistes\/bedeiste\/151\/daniele-archambault\"> Festival BD de Montr\u00e9al.<\/a>\u00a0 Cette nouvelle \u00e9dition comporte des corrections mineures au texte et \u00e0 certaines images et a \u00e9t\u00e9 enrichie d\u2019un glossaire et d\u2019une section de r\u00e9f\u00e9rences. Le roman graphique est disponible en librairie au Qu\u00e9bec. Pour une liste des librairies, voir la section<a href=\"http:\/\/uneanneesansalcool.com\/?page_id=665\"> Boutique.<\/a><\/p>\n<p>Pour l&#8217;instant, le blogue reste en ligne, mais certains des billets n&#8217;apparaissent pas dans leur totalit\u00e9. Vous trouverez dans cette table des mati\u00e8res, la liste de tous les billets du\u00a0 blogue qui sont devenus les chapitres\u00a0 du roman graphique <em><strong>La sobri\u00e9t\u00e9 volontaire. Une ann\u00e9e sans alcool<\/strong>. <\/em>M\u00eame si seul l&#8217;album papier comprend les versions compl\u00e8tes des billets, les extraits qui sont gard\u00e9s en ligne permettent une lecture int\u00e9ressante et suivie de l&#8217;histoire de Catherine.<\/p>\n<p>La table des mati\u00e8res vous permet d&#8217;acc\u00e9der, gr\u00e2ce aux hyperliens, \u00e0 chacun des billets du blogue dans un ordre chronologique ou de vous rendre directement \u00e0 un billet choisi.<\/p>\n<h4><a href=\"http:\/\/uneanneesansalcool.com\/?p=20\" target=\"_blank\" rel=\"noopener\">1er janvier 2014.\u00a0 J&#8217;arr\u00eate de boire !<\/a><\/h4>\n<h4><a href=\"http:\/\/uneanneesansalcool.com\/?p=70\" target=\"_blank\" rel=\"noopener\">2 janvier. Je saurai tenir ma r\u00e9solution du Nouvel An ! Probablement&#8230;<\/a><\/h4>\n<h4><a href=\"http:\/\/uneanneesansalcool.com\/?p=91\" target=\"_blank\" rel=\"noopener\">3 janvier. Les amies. Premi\u00e8res r\u00e9actions.<\/a><\/h4>\n<h4><a href=\"http:\/\/uneanneesansalcool.com\/?p=103\" target=\"_blank\" rel=\"noopener\">4 janvier. Les amies. Prise deux.<\/a><\/h4>\n<h4><a href=\"http:\/\/uneanneesansalcool.com\/?p=113\" target=\"_blank\" rel=\"noopener\">5 janvier. F\u00eater sans alcool.<\/a><\/h4>\n<h4><a href=\"http:\/\/uneanneesansalcool.com\/?p=134\" target=\"_blank\" rel=\"noopener\">1er f\u00e9vrier. Un mois sans alcool ! D\u00e9j\u00e0 ?<\/a><\/h4>\n<h4><a href=\"http:\/\/uneanneesansalcool.com\/?p=148\" target=\"_blank\" rel=\"noopener\">8 f\u00e9vrier. Le chum !<\/a><\/h4>\n<h4><a href=\"http:\/\/uneanneesansalcool.com\/?p=173\" target=\"_blank\" rel=\"noopener\">22 f\u00e9vrier. Au restaurant, sans vin, ni champagne.<\/a><\/h4>\n<h4><a href=\"http:\/\/uneanneesansalcool.com\/?p=190\" target=\"_blank\" rel=\"noopener\">1er mars. Dix raisons pour arr\u00eater de boire.<\/a><\/h4>\n<h4><a href=\"http:\/\/uneanneesansalcool.com\/?p=210\" target=\"_blank\" rel=\"noopener\">8 mars. Mon &#8220;coming out&#8221; aupr\u00e8s de mes coll\u00e8gues<\/a><\/h4>\n<h4><a href=\"http:\/\/uneanneesansalcool.com\/?p=227\" target=\"_blank\" rel=\"noopener\">15 mars. L&#8217;alcool fait vieillir !<\/a><\/h4>\n<h4><a href=\"http:\/\/uneanneesansalcool.com\/?p=242\" target=\"_blank\" rel=\"noopener\">22 mars. L&#8217;alcool \u00e0 l&#8217;\u00e9poque de ma m\u00e8re.<\/a><\/h4>\n<h4><a href=\"http:\/\/uneanneesansalcool.com\/?p=263\" target=\"_blank\" rel=\"noopener\">29 mars. Mon chum me flique !<\/a><\/h4>\n<h4><a href=\"http:\/\/uneanneesansalcool.com\/?p=277\" target=\"_blank\" rel=\"noopener\">5 avril. Suis-je alcoolique ?<\/a><\/h4>\n<h4><a href=\"http:\/\/uneanneesansalcool.com\/?p=301\" target=\"_blank\" rel=\"noopener\">12 avril. Tentations. L&#8217;image de l&#8217;alcool \u00e0 la t\u00e9l\u00e9vision<\/a><\/h4>\n<h4><a href=\"http:\/\/uneanneesansalcool.com\/?p=322\" target=\"_blank\" rel=\"noopener\">19 avril. Je ne suis pas alcoolique, moi !<\/a><\/h4>\n<h4><a href=\"http:\/\/uneanneesansalcool.com\/?p=330\" target=\"_blank\" rel=\"noopener\">26 avril. Mon amie me trouve bonne de ne pas boire&#8230;<\/a><\/h4>\n<h4><a href=\"http:\/\/uneanneesansalcool.com\/?p=347\" target=\"_blank\" rel=\"noopener\">3 mai. Comment je suis devenue alcoolique.<\/a><\/h4>\n<h4><a href=\"http:\/\/uneanneesansalcool.com\/?p=354\" target=\"_blank\" rel=\"noopener\">10 mai. Quoi boire \u00e0 la f\u00eate des M\u00e8res ?<\/a><\/h4>\n<h4><a href=\"http:\/\/uneanneesansalcool.com\/?p=365\" target=\"_blank\" rel=\"noopener\">24 mai. Docteur, Taisez ces chiffres!<\/a><\/h4>\n<h4><a href=\"http:\/\/uneanneesansalcool.com\/?p=400\" target=\"_blank\" rel=\"noopener\">23 ao\u00fbt. Le poids des mots. La sobri\u00e9t\u00e9 volontaire.<\/a><\/h4>\n<h4><a href=\"http:\/\/uneanneesansalcool.com\/?p=414\" target=\"_blank\" rel=\"noopener\">30 ao\u00fbt. Alcool et perte de poids. Un mauvais calcul?<\/a><\/h4>\n<h4><a href=\"http:\/\/uneanneesansalcool.com\/?p=419\">5 septembre. Pourquoi arr\u00eater de boire ne fait (parfois) pas mincir.\u00a0<\/a><\/h4>\n<h4><a href=\"http:\/\/uneanneesansalcool.com\/?p=432\">13 septembre. Mincir sans souffrir ! Boire sans remords !<\/a><\/h4>\n<h4><a href=\"http:\/\/uneanneesansalcool.com\/?p=444\">20 septembre. Allo, docteur ! M&#8217;entendez-vous ?<\/a><\/h4>\n<h4><a href=\"http:\/\/uneanneesansalcool.com\/?p=454\">20 septembre (suite). Le bon vin endort&#8230;<\/a><\/h4>\n<h4><a href=\"http:\/\/uneanneesansalcool.com\/?p=464\" target=\"_blank\" rel=\"noopener\">1er novembre. 10 mois sans alcool. 10 conseils pour arr\u00eater de boire.<\/a><\/h4>\n<h4><a href=\"http:\/\/uneanneesansalcool.com\/?p=486\" target=\"_blank\" rel=\"noopener\">15 novembre. Ma sobri\u00e9t\u00e9 inspire&#8230; Le camp des sobres.<\/a><\/h4>\n<h4><a href=\"http:\/\/uneanneesansalcool.com\/?p=501\" target=\"_blank\" rel=\"noopener\">1er d\u00e9cembre. Mon chum est tann\u00e9 !<\/a><\/h4>\n<h4><a href=\"http:\/\/uneanneesansalcool.com\/?p=517\" target=\"_blank\" rel=\"noopener\">14 d\u00e9cembre. Un party de No\u00ebl. Boira, boira pas ?<\/a><\/h4>\n<h4><a href=\"http:\/\/uneanneesansalcool.com\/?p=525\" target=\"_blank\" rel=\"noopener\">25 d\u00e9cembre. Joyeux No\u00ebl! En toute sobri\u00e9t\u00e9&#8230;<\/a><\/h4>\n<h4><a href=\"http:\/\/uneanneesansalcool.com\/?p=529\" target=\"_blank\" rel=\"noopener\">31 d\u00e9cembre. Une ann\u00e9e sans alcool. Quel bilan ?<\/a><\/h4>\n<h4><a href=\"http:\/\/uneanneesansalcool.com\/?p=533\" target=\"_blank\" rel=\"noopener\">1er janvier 2015. La fin d&#8217;une ann\u00e9e sans alcool. La fin ?<\/a><\/h4>\n<h3>Les chapitres suivants ont \u00e9t\u00e9 publi\u00e9s uniquement dans l&#8217;album papier <em>La sobri\u00e9t\u00e9 volontaire. Une ann\u00e9e sans alcool.<br \/>\n<\/em><\/h3>\n<p>Ces chapitres ont \u00e9t\u00e9 r\u00e9dig\u00e9s une fois le blogue <em><strong>Le journal de Catherine<\/strong><\/em> termin\u00e9 et publi\u00e9s uniquement dans l&#8217;album papier intitut\u00e9 <em><strong>La sobri\u00e9t\u00e9 volontaire<\/strong><\/em> publi\u00e9 en 2015. Voici les courts extraits parus sur le blogue :<\/p>\n<h4><a href=\"http:\/\/uneanneesansalcool.com\/?p=547\" target=\"_blank\" rel=\"noopener\">Un p&#8217;tit scotch pour grand-maman !<\/a><\/h4>\n<h4><a href=\"http:\/\/uneanneesansalcool.com\/?p=552\" target=\"_blank\" rel=\"noopener\">Mamans, b\u00e9b\u00e9s et alcool<\/a><\/h4>\n<h4><a href=\"http:\/\/uneanneesansalcool.com\/?p=580\" target=\"_blank\" rel=\"noopener\">Les enfants, maman prend l&#8217;ap\u00e9ro avec vous!<\/a><\/h4>\n<h4><a href=\"http:\/\/uneanneesansalcool.com\/?p=594\" target=\"_blank\" rel=\"noopener\">Elles allaitent pompette !<\/a><\/h4>\n<h4><a href=\"http:\/\/uneanneesansalcool.com\/?p=604\" target=\"_blank\" rel=\"noopener\">Cigarettes, alcool et f\u00e9misime.<\/a><\/h4>\n<h4><a href=\"http:\/\/uneanneesansalcool.com\/?p=615\" target=\"_blank\" rel=\"noopener\">Alcool et voyages en avion. Faites vos provisions !<\/a><\/h4>\n<h4><a href=\"http:\/\/uneanneesansalcool.com\/?p=622\" target=\"_blank\" rel=\"noopener\">Un mois de juin&#8230; chaud.<\/a><\/h4>\n<h4><a href=\"http:\/\/uneanneesansalcool.com\/?p=627\" target=\"_blank\" rel=\"noopener\">Bi\u00e8re et BD \u00e0 Bruxelles.<\/a><\/h4>\n<h4><a href=\"http:\/\/uneanneesansalcool.com\/?p=638\" target=\"_blank\" rel=\"noopener\">L&#8217;intuition maternelle<\/a><\/h4>\n<p><strong>\u00a9Dani\u00e8le Archambault, 2013-2018<\/strong><\/p>\n<h3>Commentaires ou questions? Veuillez utiliser le formulaire ci-dessous.<\/h3>\n\n<div class=\"wpcf7 no-js\" id=\"wpcf7-f744-o1\" lang=\"en-US\" dir=\"ltr\" data-wpcf7-id=\"744\">\n<div class=\"screen-reader-response\"><p role=\"status\" aria-live=\"polite\" aria-atomic=\"true\"><\/p> <ul><\/ul><\/div>\n<form action=\"\/index.php?rest_route=%2Fwp%2Fv2%2Fpages%2F710#wpcf7-f744-o1\" method=\"post\" class=\"wpcf7-form init\" aria-label=\"Contact form\" novalidate=\"novalidate\" data-status=\"init\">\n<fieldset class=\"hidden-fields-container\"><input type=\"hidden\" name=\"_wpcf7\" value=\"744\" \/><input type=\"hidden\" name=\"_wpcf7_version\" value=\"6.1.4\" \/><input type=\"hidden\" name=\"_wpcf7_locale\" value=\"en_US\" \/><input type=\"hidden\" name=\"_wpcf7_unit_tag\" value=\"wpcf7-f744-o1\" \/><input type=\"hidden\" name=\"_wpcf7_container_post\" value=\"0\" \/><input type=\"hidden\" name=\"_wpcf7_posted_data_hash\" value=\"\" \/>\n<\/fieldset>\n<p><label> Votre nom (requis).<br \/>\n<span class=\"wpcf7-form-control-wrap\" data-name=\"your-name\"><input size=\"40\" maxlength=\"400\" class=\"wpcf7-form-control wpcf7-text wpcf7-validates-as-required\" aria-required=\"true\" aria-invalid=\"false\" value=\"\" type=\"text\" name=\"your-name\" \/><\/span> <\/label>\n<\/p>\n<p><label> Votre courriel (requis).<br \/>\n<span class=\"wpcf7-form-control-wrap\" data-name=\"your-email\"><input size=\"40\" maxlength=\"400\" class=\"wpcf7-form-control wpcf7-email wpcf7-validates-as-required wpcf7-text wpcf7-validates-as-email\" aria-required=\"true\" aria-invalid=\"false\" value=\"\" type=\"email\" name=\"your-email\" \/><\/span> <\/label>\n<\/p>\n<p><label> Sujet.<br \/>\n<span class=\"wpcf7-form-control-wrap\" data-name=\"your-subject\"><input size=\"40\" maxlength=\"400\" class=\"wpcf7-form-control wpcf7-text\" aria-invalid=\"false\" value=\"\" type=\"text\" name=\"your-subject\" \/><\/span> <\/label>\n<\/p>\n<p><label> Votre message.<br \/>\n<span class=\"wpcf7-form-control-wrap\" data-name=\"your-message\"><textarea cols=\"40\" rows=\"10\" maxlength=\"2000\" class=\"wpcf7-form-control wpcf7-textarea\" aria-invalid=\"false\" name=\"your-message\"><\/textarea><\/span> <\/label>\n<\/p>\n<p><input class=\"wpcf7-form-control wpcf7-submit has-spinner\" type=\"submit\" value=\"Envoyez. Send\" \/>\n<\/p><p style=\"display: none !important;\" class=\"akismet-fields-container\" data-prefix=\"_wpcf7_ak_\"><label>&#916;<textarea name=\"_wpcf7_ak_hp_textarea\" cols=\"45\" rows=\"8\" maxlength=\"100\"><\/textarea><\/label><input type=\"hidden\" id=\"ak_js_1\" name=\"_wpcf7_ak_js\" value=\"206\"\/><script>document.getElementById( \"ak_js_1\" ).setAttribute( \"value\", ( new Date() ).getTime() );<\/script><\/p><div class=\"wpcf7-response-output\" aria-hidden=\"true\"><\/div>\n<\/form>\n<\/div>\n\n<p>&nbsp;<\/p>\n","protected":false},"excerpt":{"rendered":"<p>Les billets du Journal de Catherine Une ann\u00e9e sans alcool. Le journal de Catherine est un webcomic sous forme de blogue publi\u00e9 tout au long de l&#8217;ann\u00e9e 2014. En 2015, le blogue est paru sous forme de roman graphique avec le titre La sobri\u00e9t\u00e9 volontaire. Une ann\u00e9e sans alcool. Un album de pr\u00e8s de 200 &hellip; <a href=\"https:\/\/uneanneesansalcool.com\/?page_id=710\" class=\"more-link\">Continue reading <span class=\"screen-reader-text\">La table des mati\u00e8res<\/span> <span class=\"meta-nav\">&rarr;<\/span><\/a><\/p>\n","protected":false},"author":1,"featured_media":0,"parent":0,"menu_order":2,"comment_status":"closed","ping_status":"closed","template":"","meta":{"_monsterinsights_skip_tracking":false,"_monsterinsights_sitenote_active":false,"_monsterinsights_sitenote_note":"","_monsterinsights_sitenote_category":0,"jetpack_post_was_ever_published":false,"footnotes":""},"class_list":["post-710","page","type-page","status-publish","hentry"],"aioseo_notices":[],"jetpack_shortlink":"https:\/\/wp.me\/P4dCPY-bs","jetpack_sharing_enabled":true,"_links":{"self":[{"href":"https:\/\/uneanneesansalcool.com\/index.php?rest_route=\/wp\/v2\/pages\/710","targetHints":{"allow":["GET"]}}],"collection":[{"href":"https:\/\/uneanneesansalcool.com\/index.php?rest_route=\/wp\/v2\/pages"}],"about":[{"href":"https:\/\/uneanneesansalcool.com\/index.php?rest_route=\/wp\/v2\/types\/page"}],"author":[{"embeddable":true,"href":"https:\/\/uneanneesansalcool.com\/index.php?rest_route=\/wp\/v2\/users\/1"}],"replies":[{"embeddable":true,"href":"https:\/\/uneanneesansalcool.com\/index.php?rest_route=%2Fwp%2Fv2%2Fcomments&post=710"}],"version-history":[{"count":9,"href":"https:\/\/uneanneesansalcool.com\/index.php?rest_route=\/wp\/v2\/pages\/710\/revisions"}],"predecessor-version":[{"id":832,"href":"https:\/\/uneanneesansalcool.com\/index.php?rest_route=\/wp\/v2\/pages\/710\/revisions\/832"}],"wp:attachment":[{"href":"https:\/\/uneanneesansalcool.com\/index.php?rest_route=%2Fwp%2Fv2%2Fmedia&parent=710"}],"curies":[{"name":"wp","href":"https:\/\/api.w.org\/{rel}","templated":true}]}}