{"id":47,"date":"2014-01-04T18:58:46","date_gmt":"2014-01-05T02:58:46","guid":{"rendered":"http:\/\/uneanneesansalcool.com\/?page_id=47"},"modified":"2018-07-13T16:44:13","modified_gmt":"2018-07-13T23:44:13","slug":"a-propos-de-lauteure","status":"publish","type":"page","link":"https:\/\/uneanneesansalcool.com\/?page_id=47","title":{"rendered":"\u00c0 propos de l&#8217;auteure"},"content":{"rendered":"<h2>Linguiste, b\u00e9d\u00e9iste et l&#8217;art du r\u00e9cit graphique<\/h2>\n<p><strong>Dani\u00e8le Archambault<\/strong>, Ph. D. (Linguistique), auteure, chercheuse et \u00e9ducatrice, s\u2019int\u00e9resse \u00e0 la bande dessin\u00e9e en tant que v\u00e9hicule privil\u00e9gi\u00e9 des paysages linguistique et culturel de la soci\u00e9t\u00e9. Professeure agr\u00e9g\u00e9e \u00e0 l\u2019Universit\u00e9 de Montr\u00e9al jusqu\u2019en 1998, elle habite depuis plusieurs ann\u00e9es d\u00e9j\u00e0 \u00e0 Palo Alto, Californie, au c\u0153ur de la Silicon Valley.\u00a0Linguiste et phon\u00e9ticienne, sp\u00e9cialiste du fran\u00e7ais qu\u00e9b\u00e9cois, elle a aussi \u00e9t\u00e9 consultante en technologies de la parole. Son int\u00e9r\u00eat pour la bande dessin\u00e9e l&#8217;a amen\u00e9e \u00e0 suivre en septembre 2009 un cours de bande dessin\u00e9e offert \u00e0 l&#8217;Universit\u00e9 Stanford.\u00a0Elle y d\u00e9couvre un moyen privil\u00e9gi\u00e9 et ludique de t\u00e9moigner de la culture et de la langue qu\u00e9b\u00e9coise. Depuis 2010, elle a publi\u00e9 plusieurs albums semi-autobiographiques. Mme\u00a0Archambault a tenu plusieurs expositions solos et collectives (avec jury) au Canada et aux \u00c9tats-Unis. Depuis octobre 2014, elle est artiste en r\u00e9sidence au <a href=\"http:\/\/www.cityofpaloalto.org\/gov\/depts\/csd\/studios\/artists\/daniele_archambault.asp\" target=\"_blank\" rel=\"noopener\"><em><strong>Cubberley Artist Studio Program<\/strong><\/em> <\/a>de la Ville de Palo Alto, Californie<\/p>\n<p><strong>Romans graphiques et bandes dessin\u00e9es<\/strong><\/p>\n<p>La s\u00e9rie <em><strong>Histoires d\u2019escaliers<\/strong> <\/em>met en sc\u00e8ne deux jeunes enfants francophones, Doudou et Danny, ainsi que leurs amis, dans le Montr\u00e9al de la Grande Noirceur, les derni\u00e8res ann\u00e9es pr\u00e9c\u00e9dant la R\u00e9volution tranquille. <em><strong>Une ann\u00e9e de c\u00e9l\u00e9brations <\/strong><\/em>(2017), dernier album de la s\u00e9rie de bandes dessin\u00e9es <em><strong>Histoires d\u2019escaliers<\/strong><\/em>, est un recueil de courtes histoires et d\u2019illustrations ayant pour sujet les principales f\u00eates c\u00e9l\u00e9br\u00e9es au Qu\u00e9bec, \u00e0 la fin des ann\u00e9es 1950. Le livre offre une lecture \u00e0 deux niveaux. Les pages de bandes dessin\u00e9es racontent de fa\u00e7on humoristique un aspect particulier des f\u00eates, tel que vu et compris par les jeunes enfants. De courts textes informatifs accompagnent les histoires et permettent de mieux situer les c\u00e9l\u00e9brations dans leur contexte politique, social ou encore historique. Cet album de bandes dessin\u00e9es a pour but premier de distraire le lecteur, de le faire rire, \u00e0 tout le moins sourire. J\u2019esp\u00e8re que sa lecture suscitera aussi une r\u00e9flexion sur l\u2019\u00e9volution des coutumes et traditions qu\u2019a connue le Qu\u00e9bec dans les soixante derni\u00e8res ann\u00e9es.<\/p>\n<p>La s\u00e9rie comprend aussi trois albums bilingues (fran\u00e7ais-anglais) : <strong><em>Dans le Montr\u00e9al de mon enfance<\/em><\/strong> (2010), <strong><em>Sur le chemin des \u00e9coliers<\/em><\/strong> (2011) <strong><em>et L\u2019\u00c2ge de Raison<\/em><\/strong> (2011).\u00a0 Les trois albums, tout en couleurs, regroupent une collection d\u2019histoires humoristiques, parfois nostalgiques, toujours savoureuses. En filigrane, une foule d\u2019informations sur la langue et la culture qu\u00e9b\u00e9coise. Une langue color\u00e9e aux sonorit\u00e9s bien qu\u00e9b\u00e9coises dans un d\u00e9cor, lui, bien montr\u00e9alais, dont les escaliers sont la plus jolie signature.<\/p>\n<p><strong><em>La sobri\u00e9t\u00e9 volontaire. Une ann\u00e9e sans alcool <\/em><\/strong>(2015, 2018) est une \u0153uvre de fiction qui documente l\u2019excursion d\u2019une femme moderne, Catherine, dans le monde de la sobri\u00e9t\u00e9. Cet album de bande dessin\u00e9e a d\u2019abord \u00e9t\u00e9 publi\u00e9 sous forme de webcomic-blogue, de janvier \u00e0 d\u00e9cembre 2014.<\/p>\n<p>Dans l\u2019album,<strong><em> Qu\u00e9bec-California,<\/em><\/strong> l\u2019auteure raconte avec humour ses aventures et m\u00e9saventures avec la faune californienne. Des albums bilingues, anglais-fran\u00e7ais, dans une astucieuse pr\u00e9sentation recto verso. La bande dessin\u00e9e num\u00e9rique <strong><em>Qu\u00e9bec-California<\/em><\/strong>, disponible su<em>r iTunes <\/em>constitue une \u00e9dition enrichie de la version papier, publi\u00e9e en mai 2012.<\/p>\n<p><strong>Conf\u00e9rences, enseignement<\/strong><\/p>\n<p>Mme\u00a0Archambault partage son int\u00e9r\u00eat pour l\u2019interaction entre langue, culture et bandes dessin\u00e9es, lors de conf\u00e9rences et d\u2019ateliers aux \u00c9tats-Unis, au Canada et en Europe. Elle enseigne l\u2019art du r\u00e9cit graphique, une s\u00e9rie de cours pour adultes au Palo Alto Art Center et anime de nombreux ateliers de bande dessin\u00e9e dans la r\u00e9gion de la Baie de San Francisco.<\/p>\n<p><strong>Programme \u00e9ducatif: <em>Langue et culture fran\u00e7aise par la BD<\/em><\/strong><\/p>\n<p>Dani\u00e8le Archambault est cofondatrice avec Mme\u00a0Anne Dumontier du programme \u00e9ducatif <em><strong>Langue et Culture fran\u00e7aise par la BD,<\/strong><\/em> en Californie du Nord. Le programme comprend deux volets. Le premier est un projet \u00e9ducatif pour l\u2019apprentissage de la langue et de la culture fran\u00e7aise au niveau de l\u2019\u00e9cole secondaire (High School). Le projet se d\u00e9roule en plusieurs \u00e9tapes\u00a0: une conf\u00e9rence-atelier sur la bande dessin\u00e9e dans la culture fran\u00e7aise, la cr\u00e9ation d\u2019une histoire en BD par les \u00e9l\u00e8ves dans laquelle ils doivent d\u00e9montrer leur connaissance du fran\u00e7ais et de l\u2019art du r\u00e9cit en bandes dessin\u00e9es et la lecture d\u2019extraits de bandes dessin\u00e9es en langue fran\u00e7aise. Les travaux d\u2019\u00e9l\u00e8ves sont ensuite r\u00e9unis sous forme d\u2019albums num\u00e9riques et distribu\u00e9s gratuitement. Le projet existe depuis maintenant six ans. Le deuxi\u00e8me volet de ce programme s\u2019adresse aux adultes francophones de Silicon Valley. Il s\u2019agit d un club de lecture de romans graphiques en langue fran\u00e7aise.<\/p>\n<p>Pour en savoir plus, allez\u00a0 voir son site <a href=\"http:\/\/danielebd.com\" target=\"_blank\" rel=\"noopener\">DanieleBD.com<\/a><\/p>\n","protected":false},"excerpt":{"rendered":"<p>Linguiste, b\u00e9d\u00e9iste et l&#8217;art du r\u00e9cit graphique Dani\u00e8le Archambault, Ph. D. (Linguistique), auteure, chercheuse et \u00e9ducatrice, s\u2019int\u00e9resse \u00e0 la bande dessin\u00e9e en tant que v\u00e9hicule privil\u00e9gi\u00e9 des paysages linguistique et culturel de la soci\u00e9t\u00e9. Professeure agr\u00e9g\u00e9e \u00e0 l\u2019Universit\u00e9 de Montr\u00e9al jusqu\u2019en 1998, elle habite depuis plusieurs ann\u00e9es d\u00e9j\u00e0 \u00e0 Palo Alto, Californie, au c\u0153ur de &hellip; <a href=\"https:\/\/uneanneesansalcool.com\/?page_id=47\" class=\"more-link\">Continue reading <span class=\"screen-reader-text\">\u00c0 propos de l&#8217;auteure<\/span> <span class=\"meta-nav\">&rarr;<\/span><\/a><\/p>\n","protected":false},"author":1,"featured_media":0,"parent":0,"menu_order":4,"comment_status":"open","ping_status":"open","template":"","meta":{"_monsterinsights_skip_tracking":false,"_monsterinsights_sitenote_active":false,"_monsterinsights_sitenote_note":"","_monsterinsights_sitenote_category":0,"jetpack_post_was_ever_published":false,"footnotes":""},"class_list":["post-47","page","type-page","status-publish","hentry"],"aioseo_notices":[],"jetpack_shortlink":"https:\/\/wp.me\/P4dCPY-L","jetpack_sharing_enabled":true,"_links":{"self":[{"href":"https:\/\/uneanneesansalcool.com\/index.php?rest_route=\/wp\/v2\/pages\/47","targetHints":{"allow":["GET"]}}],"collection":[{"href":"https:\/\/uneanneesansalcool.com\/index.php?rest_route=\/wp\/v2\/pages"}],"about":[{"href":"https:\/\/uneanneesansalcool.com\/index.php?rest_route=\/wp\/v2\/types\/page"}],"author":[{"embeddable":true,"href":"https:\/\/uneanneesansalcool.com\/index.php?rest_route=\/wp\/v2\/users\/1"}],"replies":[{"embeddable":true,"href":"https:\/\/uneanneesansalcool.com\/index.php?rest_route=%2Fwp%2Fv2%2Fcomments&post=47"}],"version-history":[{"count":10,"href":"https:\/\/uneanneesansalcool.com\/index.php?rest_route=\/wp\/v2\/pages\/47\/revisions"}],"predecessor-version":[{"id":875,"href":"https:\/\/uneanneesansalcool.com\/index.php?rest_route=\/wp\/v2\/pages\/47\/revisions\/875"}],"wp:attachment":[{"href":"https:\/\/uneanneesansalcool.com\/index.php?rest_route=%2Fwp%2Fv2%2Fmedia&parent=47"}],"curies":[{"name":"wp","href":"https:\/\/api.w.org\/{rel}","templated":true}]}}