{"id":42,"date":"2014-01-04T18:38:58","date_gmt":"2014-01-05T02:38:58","guid":{"rendered":"http:\/\/uneanneesansalcool.com\/?page_id=42"},"modified":"2018-07-13T09:33:56","modified_gmt":"2018-07-13T16:33:56","slug":"a-propos-du-blogue","status":"publish","type":"page","link":"https:\/\/uneanneesansalcool.com\/?page_id=42","title":{"rendered":"Une ann\u00e9e sans alcool. Le journal de Catherine"},"content":{"rendered":"<figure id=\"attachment_748\" aria-describedby=\"caption-attachment-748\" style=\"width: 647px\" class=\"wp-caption aligncenter\"><a href=\"https:\/\/uneanneesansalcool.com\/wp-content\/uploads\/2014\/01\/Web-Post1-Dessin1-A-Couleur-1.jpg\"><img loading=\"lazy\" decoding=\"async\" class=\"size-full wp-image-748\" src=\"https:\/\/uneanneesansalcool.com\/wp-content\/uploads\/2014\/01\/Web-Post1-Dessin1-A-Couleur-1.jpg\" alt=\"Comment on prend une r\u00e9solution\" width=\"647\" height=\"379\" srcset=\"https:\/\/uneanneesansalcool.com\/wp-content\/uploads\/2014\/01\/Web-Post1-Dessin1-A-Couleur-1.jpg 647w, https:\/\/uneanneesansalcool.com\/wp-content\/uploads\/2014\/01\/Web-Post1-Dessin1-A-Couleur-1-300x176.jpg 300w\" sizes=\"auto, (max-width: 647px) 100vw, 647px\" \/><\/a><figcaption id=\"caption-attachment-748\" class=\"wp-caption-text\">Comment on prend une r\u00e9solution<\/figcaption><\/figure>\n<p>Le matin du premier janvier, Catherine, une jeune femme dans la trentaine, se r\u00e9veille dans un \u00e9tat qu\u2019elle conna\u00eet trop bien\u00a0: elle a la gueule de bois\u2009! Au r\u00e9veillon du Jour de l\u2019An, elle a trop f\u00eat\u00e9, trop mang\u00e9, trop bu. Surtout trop bu. Comme souvent dans le pass\u00e9, elle se dit que ce n\u2019est pas raisonnable. Elle devrait diminuer sa consommation d\u2019alcool. Peut-\u00eatre m\u00eame, arr\u00eater de boire compl\u00e8tement pendant quelque temps. Et comme ce lendemain de la veille est particuli\u00e8rement p\u00e9nible, que les effets de l\u2019alcool ne se sont pas encore compl\u00e8tement dissip\u00e9s et que le premier jour de l\u2019ann\u00e9e est le temps des r\u00e9solutions, elle n\u2019h\u00e9site pas \u00e0 prendre cette d\u00e9cision remarquable\u00a0: elle ne boira pas une seule goutte d\u2019alcool de toute l\u2019ann\u00e9e\u2009! Et elle tiendra un journal personnel de cette exp\u00e9rience, un journal illustr\u00e9. Elle pourra y documenter son cheminement, ses victoires, ses d\u00e9ceptions, mais aussi exprimer librement ses r\u00e9flexions et ses sentiments les plus intimes. Elle songe m\u00eame \u00e0 en faire un blogue, un webcomic publi\u00e9 de fa\u00e7on&#8230; anonyme.<\/p>\n<p><em><strong>Une ann\u00e9e sans alcool<\/strong>. <strong>Le journal de Catherine <\/strong><\/em>est une oeuvre de fiction dans laquelle l\u2019\u00e9criture et l\u2019art s\u00e9quentiel sont \u00e9troitement associ\u00e9s. Ce <em><strong>Journal de Catherine<\/strong> <\/em>documente l\u2019excursion d\u2019une jeune femme moderne au pays de la sobri\u00e9t\u00e9. Son regard, et celui des autres, sur un choix de vie surprenant dans un monde o\u00f9, elle le d\u00e9couvrira, l\u2019alcool est omnipr\u00e9sent et&#8230; r\u00e9v\u00e9r\u00e9. Des situations parfois difficiles, souvent cocasses, des d\u00e9couvertes int\u00e9ressantes.<\/p>\n<p>&nbsp;<\/p>\n","protected":false},"excerpt":{"rendered":"<p>Le matin du premier janvier, Catherine, une jeune femme dans la trentaine, se r\u00e9veille dans un \u00e9tat qu\u2019elle conna\u00eet trop bien\u00a0: elle a la gueule de bois\u2009! Au r\u00e9veillon du Jour de l\u2019An, elle a trop f\u00eat\u00e9, trop mang\u00e9, trop bu. Surtout trop bu. Comme souvent dans le pass\u00e9, elle se dit que ce n\u2019est &hellip; <a href=\"https:\/\/uneanneesansalcool.com\/?page_id=42\" class=\"more-link\">Continue reading <span class=\"screen-reader-text\">Une ann\u00e9e sans alcool. Le journal de Catherine<\/span> <span class=\"meta-nav\">&rarr;<\/span><\/a><\/p>\n","protected":false},"author":1,"featured_media":0,"parent":0,"menu_order":3,"comment_status":"open","ping_status":"open","template":"","meta":{"_monsterinsights_skip_tracking":false,"_monsterinsights_sitenote_active":false,"_monsterinsights_sitenote_note":"","_monsterinsights_sitenote_category":0,"jetpack_post_was_ever_published":false,"footnotes":""},"class_list":["post-42","page","type-page","status-publish","hentry"],"aioseo_notices":[],"jetpack_shortlink":"https:\/\/wp.me\/P4dCPY-G","jetpack_sharing_enabled":true,"_links":{"self":[{"href":"https:\/\/uneanneesansalcool.com\/index.php?rest_route=\/wp\/v2\/pages\/42","targetHints":{"allow":["GET"]}}],"collection":[{"href":"https:\/\/uneanneesansalcool.com\/index.php?rest_route=\/wp\/v2\/pages"}],"about":[{"href":"https:\/\/uneanneesansalcool.com\/index.php?rest_route=\/wp\/v2\/types\/page"}],"author":[{"embeddable":true,"href":"https:\/\/uneanneesansalcool.com\/index.php?rest_route=\/wp\/v2\/users\/1"}],"replies":[{"embeddable":true,"href":"https:\/\/uneanneesansalcool.com\/index.php?rest_route=%2Fwp%2Fv2%2Fcomments&post=42"}],"version-history":[{"count":9,"href":"https:\/\/uneanneesansalcool.com\/index.php?rest_route=\/wp\/v2\/pages\/42\/revisions"}],"predecessor-version":[{"id":874,"href":"https:\/\/uneanneesansalcool.com\/index.php?rest_route=\/wp\/v2\/pages\/42\/revisions\/874"}],"wp:attachment":[{"href":"https:\/\/uneanneesansalcool.com\/index.php?rest_route=%2Fwp%2Fv2%2Fmedia&parent=42"}],"curies":[{"name":"wp","href":"https:\/\/api.w.org\/{rel}","templated":true}]}}